{"id":472,"date":"2020-04-30T19:08:33","date_gmt":"2020-04-30T19:08:33","guid":{"rendered":"https:\/\/www.biolympos.gr\/?page_id=472"},"modified":"2020-05-01T17:16:42","modified_gmt":"2020-05-01T17:16:42","slug":"uber-uns","status":"publish","type":"page","link":"https:\/\/www.biolympos.gr\/de\/uber-uns\/","title":{"rendered":"\u00dcBER UNS"},"content":{"rendered":"<p>Der Olympus Berg Tee (sideritisscardica \u2013 wie sein wissenschaftlicher Name) wird von der Familie Nikodelis Produziert, in einem Gebiet von 15 Hektar 700 Meter \u00fcber dem Meeresspiegel in Elatochori Pieria.<\/p>\n<p>Die Bilder und Erinnerungen meiner Gro\u00dfmutter und meines Gro\u00dfvaters, die ihren Lieblingsgebirgstee tranken, aber auch das Bed\u00fcrfnis nach einem ges\u00fcnderen Leben sowie unsere Liebe zur Natur, veranlassten uns, der traditionellen Produktion von griechischen Kr\u00e4utern &#8211; wie den Olymptee \u2013 zu widmen.<\/p>\n","protected":false},"excerpt":{"rendered":"<p>Der Olympus Berg Tee (sideritisscardica \u2013 wie sein wissenschaftlicher Name) wird von der Familie Nikodelis Produziert, in einem Gebiet von 15 Hektar 700 Meter \u00fcber dem Meeresspiegel in Elatochori Pieria. Die Bilder und Erinnerungen meiner Gro\u00dfmutter und meines Gro\u00dfvaters, die ihren Lieblingsgebirgstee tranken, aber auch das Bed\u00fcrfnis nach einem ges\u00fcnderen Leben sowie unsere Liebe zur [&hellip;]<\/p>\n","protected":false},"author":1,"featured_media":0,"parent":0,"menu_order":0,"comment_status":"closed","ping_status":"closed","template":"","meta":{"_monsterinsights_skip_tracking":false,"_monsterinsights_sitenote_active":false,"_monsterinsights_sitenote_note":"","_monsterinsights_sitenote_category":0,"footnotes":""},"class_list":["post-472","page","type-page","status-publish","hentry"],"acf":[],"_links":{"self":[{"href":"https:\/\/www.biolympos.gr\/de\/wp-json\/wp\/v2\/pages\/472"}],"collection":[{"href":"https:\/\/www.biolympos.gr\/de\/wp-json\/wp\/v2\/pages"}],"about":[{"href":"https:\/\/www.biolympos.gr\/de\/wp-json\/wp\/v2\/types\/page"}],"author":[{"embeddable":true,"href":"https:\/\/www.biolympos.gr\/de\/wp-json\/wp\/v2\/users\/1"}],"replies":[{"embeddable":true,"href":"https:\/\/www.biolympos.gr\/de\/wp-json\/wp\/v2\/comments?post=472"}],"version-history":[{"count":5,"href":"https:\/\/www.biolympos.gr\/de\/wp-json\/wp\/v2\/pages\/472\/revisions"}],"predecessor-version":[{"id":662,"href":"https:\/\/www.biolympos.gr\/de\/wp-json\/wp\/v2\/pages\/472\/revisions\/662"}],"wp:attachment":[{"href":"https:\/\/www.biolympos.gr\/de\/wp-json\/wp\/v2\/media?parent=472"}],"curies":[{"name":"wp","href":"https:\/\/api.w.org\/{rel}","templated":true}]}}