{"id":485,"date":"2020-04-30T19:15:57","date_gmt":"2020-04-30T19:15:57","guid":{"rendered":"https:\/\/www.biolympos.gr\/?page_id=485"},"modified":"2020-05-01T09:47:49","modified_gmt":"2020-05-01T09:47:49","slug":"geschichte","status":"publish","type":"page","link":"https:\/\/www.biolympos.gr\/de\/geschichte\/","title":{"rendered":"GESCHICHTE"},"content":{"rendered":"<p>In Griechenland ist es seit der Antike bekannt und wird von Theophrastus, 372-287 v. Chr. Zitiert und Dioscurides im 10. Jahrhundert n. Chr.<\/p>\n<p>Der wissenschaftliche Name Sideritis kommt vom griechischen Wort &quot;Eisen&quot; wegen seiner F\u00e4higkeit, Wunden zu heilen, die durch Eisenwaffen der damaligen Zeit verursacht wurden. Eine zweite Version schreibt ihren Namen dem hohen Eisengehalt der Pflanze zu,<br \/>\nw\u00e4hrend eine dritte Ansicht besagt, dass der Name Sideritis auf die Teebl\u00fcten zur\u00fcckzuf\u00fchren ist, deren Form den Z\u00e4hnen des Kelches an der Speerspitze \u00e4hnelt.<\/p>\n<p>Griechen aus der Antike bezeichneten den Bergtee als &quot;Tee der G\u00f6tter&quot; oder &quot;Tee der Titanen&quot;. Die Titanen waren m\u00e4chtige Gottheiten, die auf dem Berg Otris lebten und dort Bergtee machten. Von dort aus sollen sie gegen Zeus und die anderen G\u00f6tter gek\u00e4mpft haben, indem sie riesige Steine \u200b\u200bauf den Olymp geworfen haben. So war es ihnen eine Weile gelungen, die Welt vor den olympischen G\u00f6ttern zu regieren.<\/p>\n","protected":false},"excerpt":{"rendered":"<p>In Griechenland ist es seit der Antike bekannt und wird von Theophrastus, 372-287 v. Chr. Zitiert und Dioscurides im 10. Jahrhundert n. Chr. Der wissenschaftliche Name Sideritis kommt vom griechischen Wort &quot;Eisen&quot; wegen seiner F\u00e4higkeit, Wunden zu heilen, die durch Eisenwaffen der damaligen Zeit verursacht wurden. Eine zweite Version schreibt ihren Namen dem hohen Eisengehalt [&hellip;]<\/p>\n","protected":false},"author":1,"featured_media":0,"parent":0,"menu_order":0,"comment_status":"closed","ping_status":"closed","template":"","meta":{"_monsterinsights_skip_tracking":false,"_monsterinsights_sitenote_active":false,"_monsterinsights_sitenote_note":"","_monsterinsights_sitenote_category":0,"footnotes":""},"class_list":["post-485","page","type-page","status-publish","hentry"],"acf":[],"_links":{"self":[{"href":"https:\/\/www.biolympos.gr\/de\/wp-json\/wp\/v2\/pages\/485"}],"collection":[{"href":"https:\/\/www.biolympos.gr\/de\/wp-json\/wp\/v2\/pages"}],"about":[{"href":"https:\/\/www.biolympos.gr\/de\/wp-json\/wp\/v2\/types\/page"}],"author":[{"embeddable":true,"href":"https:\/\/www.biolympos.gr\/de\/wp-json\/wp\/v2\/users\/1"}],"replies":[{"embeddable":true,"href":"https:\/\/www.biolympos.gr\/de\/wp-json\/wp\/v2\/comments?post=485"}],"version-history":[{"count":4,"href":"https:\/\/www.biolympos.gr\/de\/wp-json\/wp\/v2\/pages\/485\/revisions"}],"predecessor-version":[{"id":650,"href":"https:\/\/www.biolympos.gr\/de\/wp-json\/wp\/v2\/pages\/485\/revisions\/650"}],"wp:attachment":[{"href":"https:\/\/www.biolympos.gr\/de\/wp-json\/wp\/v2\/media?parent=485"}],"curies":[{"name":"wp","href":"https:\/\/api.w.org\/{rel}","templated":true}]}}