{"id":498,"date":"2020-04-30T19:16:23","date_gmt":"2020-04-30T19:16:23","guid":{"rendered":"https:\/\/www.biolympos.gr\/?page_id=498"},"modified":"2020-04-30T19:30:54","modified_gmt":"2020-04-30T19:30:54","slug":"home-german","status":"publish","type":"page","link":"https:\/\/www.biolympos.gr\/de\/","title":{"rendered":"STARTSEITE"},"content":{"rendered":"<h1>Das Bergtee aus Olymp<\/h1>\n<p>(sideritisscardica \u2013 der wissenschaftlicher Name) wird von der<br \/>\nFamilie A. Nicodeli produziert auf einer Fl\u00e4che von 15 Hektar in einer H\u00f6he von \u00fcber 700<br \/>\nMetern in Elatochori Pieria.<\/p>\n","protected":false},"excerpt":{"rendered":"<p>Das Bergtee aus Olymp (sideritisscardica \u2013 der wissenschaftlicher Name) wird von der Familie A. Nicodeli produziert auf einer Fl\u00e4che von 15 Hektar in einer H\u00f6he von \u00fcber 700 Metern in Elatochori Pieria.<\/p>\n","protected":false},"author":1,"featured_media":0,"parent":0,"menu_order":0,"comment_status":"closed","ping_status":"closed","template":"","meta":{"_monsterinsights_skip_tracking":false,"_monsterinsights_sitenote_active":false,"_monsterinsights_sitenote_note":"","_monsterinsights_sitenote_category":0,"footnotes":""},"class_list":["post-498","page","type-page","status-publish","hentry"],"acf":[],"_links":{"self":[{"href":"https:\/\/www.biolympos.gr\/de\/wp-json\/wp\/v2\/pages\/498"}],"collection":[{"href":"https:\/\/www.biolympos.gr\/de\/wp-json\/wp\/v2\/pages"}],"about":[{"href":"https:\/\/www.biolympos.gr\/de\/wp-json\/wp\/v2\/types\/page"}],"author":[{"embeddable":true,"href":"https:\/\/www.biolympos.gr\/de\/wp-json\/wp\/v2\/users\/1"}],"replies":[{"embeddable":true,"href":"https:\/\/www.biolympos.gr\/de\/wp-json\/wp\/v2\/comments?post=498"}],"version-history":[{"count":4,"href":"https:\/\/www.biolympos.gr\/de\/wp-json\/wp\/v2\/pages\/498\/revisions"}],"predecessor-version":[{"id":539,"href":"https:\/\/www.biolympos.gr\/de\/wp-json\/wp\/v2\/pages\/498\/revisions\/539"}],"wp:attachment":[{"href":"https:\/\/www.biolympos.gr\/de\/wp-json\/wp\/v2\/media?parent=498"}],"curies":[{"name":"wp","href":"https:\/\/api.w.org\/{rel}","templated":true}]}}