{"id":500,"date":"2020-04-30T19:17:33","date_gmt":"2020-04-30T19:17:33","guid":{"rendered":"https:\/\/www.biolympos.gr\/?page_id=500"},"modified":"2020-04-30T21:43:39","modified_gmt":"2020-04-30T21:43:39","slug":"trinkempfehlung","status":"publish","type":"page","link":"https:\/\/www.biolympos.gr\/de\/trinkempfehlung\/","title":{"rendered":"TRINKEMPFEHLUNG"},"content":{"rendered":"<p>Wie trinken Sie Ihr Tee?<\/p>\n<p>Tee ist seit jeher f\u00fcr die innere Ruhe und Klarheit die es verleiht, vom ersten Schluck an, bekannt. Eine Tasse Tee kann die Sinne verj\u00fcngen und stimulieren. Um jedoch die vorteilhaften Eigenschaften optimal nutzen zu k\u00f6nnen, m\u00fcssen Sie darauf achten, wie es zubereitet wird.<\/p>\n<p><strong>Hei\u00df:<\/strong> Das Wasser zuerst aufw\u00e4rmen und kurz vor dem kochen vom Herd nehmen, dann den Bergtee dazugeben, 3-4 Minuten einwirken lassen, abseihen und trinken.<\/p>\n<p><strong>Kalt:<\/strong> Nachdem Sie es als einem hei\u00dfen Getr\u00e4nk vorbereitet haben, warten Sie, bis es etwas abgek\u00fchlt ist und schlagen Sie es mit Eisw\u00fcrfeln in den Shaker. Einfach servieren, mit Honig oder mit Honig und Zitrone.<\/p>\n<p>Es sollte auch beachtet werden, dass der Bergtee des Olymp &#8211; im Gegensatz zu den anderen &#8211; auch am Abend vor dem Schlafengehen leicht konsumiert werden kann da er keine stimulierende Wirkung hat.<\/p>\n<p><strong>Genie\u00dfen Sie es!!!<\/strong><\/p>\n","protected":false},"excerpt":{"rendered":"<p>Wie trinken Sie Ihr Tee? Tee ist seit jeher f\u00fcr die innere Ruhe und Klarheit die es verleiht, vom ersten Schluck an, bekannt. Eine Tasse Tee kann die Sinne verj\u00fcngen und stimulieren. Um jedoch die vorteilhaften Eigenschaften optimal nutzen zu k\u00f6nnen, m\u00fcssen Sie darauf achten, wie es zubereitet wird. Hei\u00df: Das Wasser zuerst aufw\u00e4rmen und [&hellip;]<\/p>\n","protected":false},"author":1,"featured_media":0,"parent":0,"menu_order":0,"comment_status":"closed","ping_status":"closed","template":"","meta":{"_monsterinsights_skip_tracking":false,"_monsterinsights_sitenote_active":false,"_monsterinsights_sitenote_note":"","_monsterinsights_sitenote_category":0,"footnotes":""},"class_list":["post-500","page","type-page","status-publish","hentry"],"acf":[],"_links":{"self":[{"href":"https:\/\/www.biolympos.gr\/de\/wp-json\/wp\/v2\/pages\/500"}],"collection":[{"href":"https:\/\/www.biolympos.gr\/de\/wp-json\/wp\/v2\/pages"}],"about":[{"href":"https:\/\/www.biolympos.gr\/de\/wp-json\/wp\/v2\/types\/page"}],"author":[{"embeddable":true,"href":"https:\/\/www.biolympos.gr\/de\/wp-json\/wp\/v2\/users\/1"}],"replies":[{"embeddable":true,"href":"https:\/\/www.biolympos.gr\/de\/wp-json\/wp\/v2\/comments?post=500"}],"version-history":[{"count":4,"href":"https:\/\/www.biolympos.gr\/de\/wp-json\/wp\/v2\/pages\/500\/revisions"}],"predecessor-version":[{"id":646,"href":"https:\/\/www.biolympos.gr\/de\/wp-json\/wp\/v2\/pages\/500\/revisions\/646"}],"wp:attachment":[{"href":"https:\/\/www.biolympos.gr\/de\/wp-json\/wp\/v2\/media?parent=500"}],"curies":[{"name":"wp","href":"https:\/\/api.w.org\/{rel}","templated":true}]}}