{"id":514,"date":"2020-04-30T19:17:59","date_gmt":"2020-04-30T19:17:59","guid":{"rendered":"https:\/\/www.biolympos.gr\/?page_id=514"},"modified":"2020-04-30T20:59:04","modified_gmt":"2020-04-30T20:59:04","slug":"produktionsverfahren","status":"publish","type":"page","link":"https:\/\/www.biolympos.gr\/de\/produktionsverfahren\/","title":{"rendered":"PRODUKTIONSVERFAHREN"},"content":{"rendered":"<p>Der Anbau erfolgt streng biologisch ohne dass Insektizide oder andere k\u00fcnstliche Substanzen verwendet werden, gem\u00e4\u00df den in der europ\u00e4ischen Gesetzgebung festgelegten Bedingungen und Spezifikationen f\u00fcr \u00f6kologischen Landbau sowie von der Zertifizierungsfirma Biohellas.<\/p>\n<p>Optimale klimatische Bedingungen f\u00fcr ein besseres Pflanzenwachstum sind in H\u00f6henlagen vorhanden, in denen es h\u00e4ufig und intensiv regnet. Das Klima muss neblig sein, damit die Pflanzen vor der Sonne gesch\u00fctzt sind, eine relative Luftfeuchtigkeit aufrechterhalten die ihre Reifung verz\u00f6gert.<\/p>\n<p><strong>Erste Stufe: <\/strong> Ernte von frischen Teebl\u00e4ttern und Blumen.<\/p>\n<p>Die Ernte (normalerweise im Juni) erfolgt immer per Hand und mit gro\u00dfer Sorgfalt, um die Pflanze nicht zu besch\u00e4digen und ihre intakten N\u00e4hrstoffe und \u00e4therischen \u00d6le zu erhalten. Nachdem die Teebl\u00e4tter und Bl\u00fcten gesammelt wurden, werden sie zum Trocknen in K\u00f6rbe \u00fcberf\u00fchrt.<\/p>\n<p><strong>Zweite Stufe:<\/strong> Trocknung<\/p>\n<p>Ziel ist es, \u00fcbersch\u00fcssiges Wasser von Bl\u00e4ttern und Bl\u00fcten zu entfernen und deren Feuchtigkeitsgehalt um bis zu 70% zu reduzieren. Dieser Vorgang kann 6 bis 7 Tage dauern.<\/p>\n<p>Das Trocknen erfolgt auch auf nat\u00fcrlichste Weise &#8211; in der Luft &#8211; ohne Verwendung von \u00d6fen oder anderen k\u00fcnstlichen Mitteln. Erhaltung der Farben, feine D\u00fcfte und wohltuende Substanzen sind absolut garantiert!<\/p>\n<p><strong>Dritte Stufe:<\/strong> Klassifizierung<\/p>\n<p>Der letzte Schritt im Teeproduktionsprozess besteht darin, die Bl\u00e4tter und Bl\u00fcten nach ihrer Gr\u00f6\u00dfe je nach Verpackungsgr\u00f6\u00dfe zu klassifizieren.<\/p>\n","protected":false},"excerpt":{"rendered":"<p>Der Anbau erfolgt streng biologisch ohne dass Insektizide oder andere k\u00fcnstliche Substanzen verwendet werden, gem\u00e4\u00df den in der europ\u00e4ischen Gesetzgebung festgelegten Bedingungen und Spezifikationen f\u00fcr \u00f6kologischen Landbau sowie von der Zertifizierungsfirma Biohellas. Optimale klimatische Bedingungen f\u00fcr ein besseres Pflanzenwachstum sind in H\u00f6henlagen vorhanden, in denen es h\u00e4ufig und intensiv regnet. Das Klima muss neblig sein, [&hellip;]<\/p>\n","protected":false},"author":1,"featured_media":0,"parent":0,"menu_order":0,"comment_status":"closed","ping_status":"closed","template":"","meta":{"_monsterinsights_skip_tracking":false,"_monsterinsights_sitenote_active":false,"_monsterinsights_sitenote_note":"","_monsterinsights_sitenote_category":0,"footnotes":""},"class_list":["post-514","page","type-page","status-publish","hentry"],"acf":[],"_links":{"self":[{"href":"https:\/\/www.biolympos.gr\/de\/wp-json\/wp\/v2\/pages\/514"}],"collection":[{"href":"https:\/\/www.biolympos.gr\/de\/wp-json\/wp\/v2\/pages"}],"about":[{"href":"https:\/\/www.biolympos.gr\/de\/wp-json\/wp\/v2\/types\/page"}],"author":[{"embeddable":true,"href":"https:\/\/www.biolympos.gr\/de\/wp-json\/wp\/v2\/users\/1"}],"replies":[{"embeddable":true,"href":"https:\/\/www.biolympos.gr\/de\/wp-json\/wp\/v2\/comments?post=514"}],"version-history":[{"count":4,"href":"https:\/\/www.biolympos.gr\/de\/wp-json\/wp\/v2\/pages\/514\/revisions"}],"predecessor-version":[{"id":642,"href":"https:\/\/www.biolympos.gr\/de\/wp-json\/wp\/v2\/pages\/514\/revisions\/642"}],"wp:attachment":[{"href":"https:\/\/www.biolympos.gr\/de\/wp-json\/wp\/v2\/media?parent=514"}],"curies":[{"name":"wp","href":"https:\/\/api.w.org\/{rel}","templated":true}]}}