{"id":526,"date":"2020-04-30T19:19:04","date_gmt":"2020-04-30T19:19:04","guid":{"rendered":"https:\/\/www.biolympos.gr\/?page_id=526"},"modified":"2020-05-01T09:49:38","modified_gmt":"2020-05-01T09:49:38","slug":"therapeutische-eigenschaften","status":"publish","type":"page","link":"https:\/\/www.biolympos.gr\/de\/therapeutische-eigenschaften\/","title":{"rendered":"THERAPEUTISCHE EIGENSCHAFTEN"},"content":{"rendered":"<p>Der klassische Bergtee, der in keinem Haushalt fehlte und als erstes Getr\u00e4nk gegen K\u00e4lte zubereitet wurde, findet langsam und wissenschaftlich seinen Platz unter den wohltuenden Getr\u00e4nken f\u00fcr den K\u00f6rper.<\/p>\n<ol class=\"properties\">\n<li>Es hilft bei der Verdauung<\/li>\n<li>Stress hemmend<\/li>\n<li>Analgetikum<\/li>\n<li>Antioxidant<\/li>\n<li>Es ist vorteilhaft f\u00fcr die Blutgef\u00e4\u00dfe des Herzens<\/li>\n<li>Verhindert das Auftreten von Osteoporose<\/li>\n<li>J\u00fcngste Forschungen haben seine heilende und antirheumatoide Wirkung weiter hervorgehoben und gezeigt, dass es bei der Vorbeugung und Behandlung von Alzheimer, Depressionen und (Angst-) St\u00f6rungen \u2013 Stressfaktoren hilft, die die Menschen zunehmend plagen.<\/li>\n<\/ol>\n<p>F\u00fcr die Aktion von Sideriti Scardica gegen Alzheimer haben wir das Aussage eines deutschen Professors f\u00fcr Neurologie an der Universit\u00e4t Magdeburg und des Direktors des Jens Pahnke Neurological Research Center:<\/p>\n<p>&#8222;Seit sieben Jahren experimentieren wir mit 150 Pflanzen und Kr\u00e4utern aus der ganzen Welt, China, Thailand und Indonesien&#8220; sagt der Professor f\u00fcr Neurologie an der Universit\u00e4t Magdeburg und Direktor des Forschungszentrums f\u00fcr neurologische Erkrankungen, Jens Pahnke. Das zwanzigk\u00f6pfige wissenschaftliche Team analysierte die Bestandteile der Pflanzen und testete sie an Versuchstieren, jedoch ohne signifikanten Nutzen.<\/p>\n<p>&#8222;Durch unsere Recherchen im Internet haben wir die Eigenschaften des griechischen Krauts kennengelernt und beschlossen es 2010 zu bestellen&#8220; erinnert sich der deutsche Professor. &#8222;Wir hatten die bestm\u00f6glichen Ergebnisse!&#8220; beschreibt er selbst. Insbesondere wenn es M\u00e4usen 25 Tage lang verabreicht wird, reduziert es die Hirnsch\u00e4digung um ungef\u00e4hr 80%. <\/p>\n<p>Das n\u00e4chst &#8222;beste&#8220; Ergebnis war der Inhaltsstoff Thiethylperazin, der jedoch 70% erreicht. Der 38-j\u00e4hrige Professor, der jedes Jahr 1.500 Patienten aus aller Welt behandelt, testete die Eigenschaften von Bergtee auch an Menschen. &#8222;Durch sechsmonatiges t\u00e4gliches Trinken von Bergtee, geht die Krankheit auf das Niveau von neun Monaten zur\u00fcck und stabilisiert sich danach erheblich. Zu diesem Zeitpunkt empfiehlt der Arzt, t\u00e4glich viele Tassen kalten oder hei\u00dfen Tee zu trinken. Es ist schlie\u00dflich \u00fcblich, dass je fr\u00fcher Vorsichtsma\u00dfnahmen gegen Alzheimer getroffen werden, desto besser.<\/p>\n","protected":false},"excerpt":{"rendered":"<p>Der klassische Bergtee, der in keinem Haushalt fehlte und als erstes Getr\u00e4nk gegen K\u00e4lte zubereitet wurde, findet langsam und wissenschaftlich seinen Platz unter den wohltuenden Getr\u00e4nken f\u00fcr den K\u00f6rper. Es hilft bei der Verdauung Stress hemmend Analgetikum Antioxidant Es ist vorteilhaft f\u00fcr die Blutgef\u00e4\u00dfe des Herzens Verhindert das Auftreten von Osteoporose J\u00fcngste Forschungen haben seine [&hellip;]<\/p>\n","protected":false},"author":1,"featured_media":0,"parent":0,"menu_order":0,"comment_status":"closed","ping_status":"closed","template":"","meta":{"_monsterinsights_skip_tracking":false,"_monsterinsights_sitenote_active":false,"_monsterinsights_sitenote_note":"","_monsterinsights_sitenote_category":0,"footnotes":""},"class_list":["post-526","page","type-page","status-publish","hentry"],"acf":[],"_links":{"self":[{"href":"https:\/\/www.biolympos.gr\/de\/wp-json\/wp\/v2\/pages\/526"}],"collection":[{"href":"https:\/\/www.biolympos.gr\/de\/wp-json\/wp\/v2\/pages"}],"about":[{"href":"https:\/\/www.biolympos.gr\/de\/wp-json\/wp\/v2\/types\/page"}],"author":[{"embeddable":true,"href":"https:\/\/www.biolympos.gr\/de\/wp-json\/wp\/v2\/users\/1"}],"replies":[{"embeddable":true,"href":"https:\/\/www.biolympos.gr\/de\/wp-json\/wp\/v2\/comments?post=526"}],"version-history":[{"count":7,"href":"https:\/\/www.biolympos.gr\/de\/wp-json\/wp\/v2\/pages\/526\/revisions"}],"predecessor-version":[{"id":653,"href":"https:\/\/www.biolympos.gr\/de\/wp-json\/wp\/v2\/pages\/526\/revisions\/653"}],"wp:attachment":[{"href":"https:\/\/www.biolympos.gr\/de\/wp-json\/wp\/v2\/media?parent=526"}],"curies":[{"name":"wp","href":"https:\/\/api.w.org\/{rel}","templated":true}]}}